{"id":5444,"date":"2026-01-07T12:21:19","date_gmt":"2026-01-07T15:21:19","guid":{"rendered":"https:\/\/plazasolutions.com\/tj2026\/?page_id=5444"},"modified":"2026-01-07T13:39:44","modified_gmt":"2026-01-07T16:39:44","slug":"magazine-ai-talent","status":"publish","type":"page","link":"https:\/\/plazasolutions.com\/tj2026\/magazine-ai-talent\/","title":{"rendered":"Magazine AI+Talent"},"content":{"rendered":"<p>[et_pb_section fb_built=\u00bb1&#8243; _builder_version=\u00bb4.27.5&#8243; hover_enabled=\u00bb0&#8243; global_colors_info=\u00bb{}\u00bb custom_margin=\u00bb0px||0px||true|false\u00bb custom_padding=\u00bb0px||0px||true|false\u00bb sticky_enabled=\u00bb0&#8243;][et_pb_row _builder_version=\u00bb4.27.5&#8243; background_size=\u00bbinitial\u00bb background_position=\u00bbtop_left\u00bb background_repeat=\u00bbrepeat\u00bb width=\u00bb100%\u00bb module_alignment=\u00bbcenter\u00bb hover_enabled=\u00bb0&#8243; global_colors_info=\u00bb{}\u00bb custom_padding=\u00bb0px||0px||false|false\u00bb sticky_enabled=\u00bb0&#8243;][et_pb_column type=\u00bb4_4&#8243; _builder_version=\u00bb4.16&#8243; custom_padding=\u00bb|||\u00bb global_colors_info=\u00bb{}\u00bb custom_padding__hover=\u00bb|||\u00bb][et_pb_image src=\u00bbhttps:\/\/plazasolutions.com\/tj2026\/wp-content\/uploads\/2026\/01\/Magazine-AITalent.webp\u00bb _builder_version=\u00bb4.27.5&#8243; vertical_offset_tablet=\u00bb0&#8243; horizontal_offset_tablet=\u00bb0&#8243; hover_enabled=\u00bb0&#8243; z_index_tablet=\u00bb0&#8243; box_shadow_horizontal_tablet=\u00bb0px\u00bb box_shadow_vertical_tablet=\u00bb0px\u00bb box_shadow_blur_tablet=\u00bb40px\u00bb box_shadow_spread_tablet=\u00bb0px\u00bb global_colors_info=\u00bb{}\u00bb alt=\u00bbMagazine AI+Talent\u00bb title_text=\u00bbMagazine AI+Talent\u00bb sticky_enabled=\u00bb0&#8243;][\/et_pb_image][et_pb_text _builder_version=\u00bb4.27.5&#8243; vertical_offset_tablet=\u00bb0&#8243; horizontal_offset_tablet=\u00bb0&#8243; hover_enabled=\u00bb0&#8243; z_index_tablet=\u00bb0&#8243; text_text_shadow_horizontal_length_tablet=\u00bb0px\u00bb text_text_shadow_vertical_length_tablet=\u00bb0px\u00bb text_text_shadow_blur_strength_tablet=\u00bb1px\u00bb link_text_shadow_horizontal_length_tablet=\u00bb0px\u00bb link_text_shadow_vertical_length_tablet=\u00bb0px\u00bb link_text_shadow_blur_strength_tablet=\u00bb1px\u00bb ul_text_shadow_horizontal_length_tablet=\u00bb0px\u00bb ul_text_shadow_vertical_length_tablet=\u00bb0px\u00bb ul_text_shadow_blur_strength_tablet=\u00bb1px\u00bb ol_text_shadow_horizontal_length_tablet=\u00bb0px\u00bb ol_text_shadow_vertical_length_tablet=\u00bb0px\u00bb ol_text_shadow_blur_strength_tablet=\u00bb1px\u00bb quote_text_shadow_horizontal_length_tablet=\u00bb0px\u00bb quote_text_shadow_vertical_length_tablet=\u00bb0px\u00bb quote_text_shadow_blur_strength_tablet=\u00bb1px\u00bb header_text_shadow_horizontal_length_tablet=\u00bb0px\u00bb header_text_shadow_vertical_length_tablet=\u00bb0px\u00bb header_text_shadow_blur_strength_tablet=\u00bb1px\u00bb header_2_text_shadow_horizontal_length_tablet=\u00bb0px\u00bb header_2_text_shadow_vertical_length_tablet=\u00bb0px\u00bb header_2_text_shadow_blur_strength_tablet=\u00bb1px\u00bb header_3_text_shadow_horizontal_length_tablet=\u00bb0px\u00bb header_3_text_shadow_vertical_length_tablet=\u00bb0px\u00bb header_3_text_shadow_blur_strength_tablet=\u00bb1px\u00bb header_4_text_shadow_horizontal_length_tablet=\u00bb0px\u00bb header_4_text_shadow_vertical_length_tablet=\u00bb0px\u00bb header_4_text_shadow_blur_strength_tablet=\u00bb1px\u00bb header_5_text_shadow_horizontal_length_tablet=\u00bb0px\u00bb header_5_text_shadow_vertical_length_tablet=\u00bb0px\u00bb header_5_text_shadow_blur_strength_tablet=\u00bb1px\u00bb header_6_text_shadow_horizontal_length_tablet=\u00bb0px\u00bb header_6_text_shadow_vertical_length_tablet=\u00bb0px\u00bb header_6_text_shadow_blur_strength_tablet=\u00bb1px\u00bb box_shadow_horizontal_tablet=\u00bb0px\u00bb box_shadow_vertical_tablet=\u00bb0px\u00bb box_shadow_blur_tablet=\u00bb40px\u00bb box_shadow_spread_tablet=\u00bb0px\u00bb global_colors_info=\u00bb{}\u00bb header_text_color=\u00bb#ff9838&#8243; header_font_size=\u00bb24px\u00bb header_text_align=\u00bbcenter\u00bb sticky_enabled=\u00bb0&#8243; custom_padding=\u00bb||20px||false|false\u00bb]<\/p>\n<h1>Generar Valor con IA &amp; Talento: Transformando Negocios y Experiencias<\/h1>\n<p>[\/et_pb_text][\/et_pb_column][\/et_pb_row][\/et_pb_section][et_pb_section fb_built=\u00bb1&#8243; theme_builder_area=\u00bbpost_content\u00bb _builder_version=\u00bb4.27.5&#8243; _module_preset=\u00bbdefault\u00bb custom_margin=\u00bb0px||0px||true|false\u00bb custom_padding=\u00bb0px||0px||true|false\u00bb hover_enabled=\u00bb0&#8243; sticky_enabled=\u00bb0&#8243;][et_pb_row _builder_version=\u00bb4.27.5&#8243; _module_preset=\u00bbdefault\u00bb theme_builder_area=\u00bbpost_content\u00bb width=\u00bb95%\u00bb module_alignment=\u00bbcenter\u00bb hover_enabled=\u00bb0&#8243; sticky_enabled=\u00bb0&#8243; custom_padding=\u00bb0px||0px||true|false\u00bb custom_margin=\u00bb0px||0px||true|false\u00bb][et_pb_column _builder_version=\u00bb4.27.5&#8243; _module_preset=\u00bbdefault\u00bb type=\u00bb4_4&#8243; theme_builder_area=\u00bbpost_content\u00bb][et_pb_code _builder_version=\u00bb4.27.5&#8243; _module_preset=\u00bbdefault\u00bb theme_builder_area=\u00bbpost_content\u00bb hover_enabled=\u00bb0&#8243; sticky_enabled=\u00bb0&#8243; custom_padding=\u00bb0px||0px||true|false\u00bb custom_margin=\u00bb0px||0px||true|false\u00bb]<style type='text\/css' media='all'>#rt-tpg-container-344409493 .rt-holder .rt-woo-info .price{color:#0a0a0a;}body .rt-tpg-container .rt-tpg-isotope-buttons .selected,\n\t\t\t\t\t#rt-tpg-container-344409493 .layout12 .rt-holder:hover .rt-detail,\n\t\t\t\t\t#rt-tpg-container-344409493 .isotope8 .rt-holder:hover .rt-detail,\n\t\t\t\t\t#rt-tpg-container-344409493 .carousel8 .rt-holder:hover .rt-detail,\n\t\t\t\t\t#rt-tpg-container-344409493 .layout13 .rt-holder .overlay .post-info,\n\t\t\t\t\t#rt-tpg-container-344409493 .isotope9 .rt-holder .overlay .post-info,\n\t\t\t\t\t#rt-tpg-container-344409493.rt-tpg-container .layout4 .rt-holder .rt-detail,\n\t\t\t\t\t.rt-modal-344409493 .md-content,\n\t\t\t\t\t.rt-modal-344409493 .md-content > .rt-md-content-holder .rt-md-content,\n\t\t\t\t\t.rt-popup-wrap-344409493.rt-popup-wrap .rt-popup-navigation-wrap,\n\t\t\t\t\t#rt-tpg-container-344409493 .carousel9 .rt-holder .overlay .post-info{background-color:#0a0a0a;}#rt-tpg-container-344409493 .layout5 .rt-holder .overlay, #rt-tpg-container-344409493 .isotope2 .rt-holder .overlay, #rt-tpg-container-344409493 .carousel2 .rt-holder .overlay,#rt-tpg-container-344409493 .layout15 .rt-holder h3, #rt-tpg-container-344409493 .isotope11 .rt-holder h3, #rt-tpg-container-344409493 .carousel11 .rt-holder h3, #rt-tpg-container-344409493 .layout16 .rt-holder h3,\n\t\t\t\t\t#rt-tpg-container-344409493 .isotope12 .rt-holder h3, #rt-tpg-container-344409493 .carousel12 .rt-holder h3 {background-color:rgba(10,10,10,0.8);}#rt-tpg-container-344409493 .read-more a{border-radius:px;}#rt-tpg-container-344409493 .rt-img-holder img.rt-img-responsive,#rt-tpg-container-344409493 .rt-img-holder,\n\t\t\t\t\t#rt-tpg-container-344409493 .rt-post-overlay .post-img,\n\t\t\t\t\t#rt-tpg-container-344409493 .post-sm .post-img,\n\t\t\t\t\t#rt-tpg-container-344409493 .rt-post-grid .post-img,\n\t\t\t\t\t#rt-tpg-container-344409493 .post-img img {border-radius:px;}#rt-tpg-container-344409493 .layout7 .rt-holder h2.entry-title,\n\t\t\t\t\t#rt-tpg-container-344409493 .layout7 .rt-holder h3.entry-title,\n\t\t\t\t\t#rt-tpg-container-344409493 .layout7 .rt-holder h4.entry-title,\n\t\t\t\t\t#rt-tpg-container-344409493 .layout7 .rt-holder h2.entry-title a,\n\t\t\t\t\t#rt-tpg-container-344409493 .layout7 .rt-holder h3.entry-title a,\n\t\t\t\t\t#rt-tpg-container-344409493 .layout7 .rt-holder h4.entry-title a,\n\t\t\t\t\t#rt-tpg-container-344409493 .rt-holder .rt-woo-info h2 a,\n\t\t\t\t\t#rt-tpg-container-344409493 .rt-holder .rt-woo-info h3 a,\n\t\t\t\t\t#rt-tpg-container-344409493 .rt-holder .rt-woo-info h4 a,\n\t\t\t\t\t#rt-tpg-container-344409493 .post-content .post-title,\n\t\t\t\t\t#rt-tpg-container-344409493 .rt-post-grid .post-title,\n\t\t\t\t\t#rt-tpg-container-344409493 .rt-post-grid .post-title a,\n\t\t\t\t\t#rt-tpg-container-344409493 .post-content .post-title a,\n\t\t\t\t\t#rt-tpg-container-344409493 .rt-holder .rt-woo-info h2,\n\t\t\t\t\t#rt-tpg-container-344409493 .rt-holder .rt-woo-info h3,\n\t\t\t\t\t#rt-tpg-container-344409493 .rt-holder .rt-woo-info h4{font-size:24px;line-height:34px;}#rt-tpg-container-344409493 .post-grid-lg-style-1 .post-title,\n\t\t\t\t\t\t#rt-tpg-container-344409493 .post-grid-lg-style-1 .post-title a,\n\t\t\t\t\t\t#rt-tpg-container-344409493 .big-layout .post-title,\n\t\t\t\t\t\t#rt-tpg-container-344409493 .big-layout .post-title a,\n\t\t\t\t\t\t#rt-tpg-container-344409493 .post-grid-lg-style-1 .post-title,\n\t\t\t\t\t\t#rt-tpg-container-344409493 .post-grid-lg-style-1 .post-title a {font-size:32px;line-height:42px;}<\/style><div class='rt-container-fluid rt-tpg-container tpg-shortcode-main-wrapper ' id='rt-tpg-container-344409493'   data-layout='layout7' data-grid-style='even' data-desktop-col='3'  data-tab-col='2'  data-mobile-col='1' data-sc-id='5456'><div data-title='Cargando...' class='rt-row rt-content-loader   layout7 tpg-even '><div class=\"rt-col-md-4 rt-col-sm-6 rt-col-xs-12 even-grid-item rt-grid-item img_zoom_in\" data-id=\"5963\"><div class=\"rt-holder\"><img loading=\"lazy\" decoding=\"async\" width=\"1080\" height=\"608\" src=\"https:\/\/plazasolutions.com\/tj2026\/wp-content\/uploads\/2026\/02\/IA-aplicada-al-aprendizaje-claves-para-elegir-un-LMS-que-prepare-a-tu-fuerza-laboral-Portada.webp\" class=\"rt-img-responsive \" alt=\"\" \/><div class=\"overlay\"><h3 class=\"entry-title\"><a data-id=\"5963\" class=\"\" href=\"https:\/\/plazasolutions.com\/tj2026\/ia-aplicada-al-aprendizaje-claves-para-elegir-un-lms-que-prepare-a-tu-fuerza-laboral\/\">IA aplicada al aprendizaje: claves para elegir un LMS que prepare a tu fuerza laboral<\/a><\/h3><div class='post-meta-user '><p><span class='meta-data'><span class='date-meta'><i class='far fa-calendar-alt '><\/i>febrero 5, 2026<\/span><span class='categories-links'><i class='fas fa-folder-open '><\/i><a class=\"cultura-organizacional\" href=\"https:\/\/plazasolutions.com\/tj2026\/category\/cultura-organizacional\/\" rel=\"tag\">Cultura Organizacional<\/a><span class=\"rt-separator\">,<\/span><a class=\"inteligencia-artificial\" href=\"https:\/\/plazasolutions.com\/tj2026\/category\/inteligencia-artificial\/\" rel=\"tag\">Inteligencia Artificial<\/a><\/span><\/span><\/p><\/div><\/div><\/div><\/div><div class=\"rt-col-md-4 rt-col-sm-6 rt-col-xs-12 even-grid-item rt-grid-item img_zoom_in\" data-id=\"5928\"><div class=\"rt-holder\"><img loading=\"lazy\" decoding=\"async\" width=\"1080\" height=\"608\" src=\"https:\/\/plazasolutions.com\/tj2026\/wp-content\/uploads\/2026\/01\/De-la-promesa-a-la-accion_-como-la-IA-impulsa-la-preparacion-de-la-fuerza-laboral-Portada.webp\" class=\"rt-img-responsive \" alt=\"\" \/><div class=\"overlay\"><h3 class=\"entry-title\"><a data-id=\"5928\" class=\"\" href=\"https:\/\/plazasolutions.com\/tj2026\/de-la-promesa-a-la-accion-como-la-ia-impulsa-la-preparacion-de-la-fuerza-laboral\/\">De la promesa a la acci\u00f3n: c\u00f3mo la IA impulsa la preparaci\u00f3n de la fuerza laboral<\/a><\/h3><div class='post-meta-user '><p><span class='meta-data'><span class='date-meta'><i class='far fa-calendar-alt '><\/i>enero 28, 2026<\/span><span class='categories-links'><i class='fas fa-folder-open '><\/i><a class=\"cultura-organizacional\" href=\"https:\/\/plazasolutions.com\/tj2026\/category\/cultura-organizacional\/\" rel=\"tag\">Cultura Organizacional<\/a><\/span><\/span><\/p><\/div><\/div><\/div><\/div><div class=\"rt-col-md-4 rt-col-sm-6 rt-col-xs-12 even-grid-item rt-grid-item img_zoom_in\" data-id=\"5921\"><div class=\"rt-holder\"><img loading=\"lazy\" decoding=\"async\" width=\"1080\" height=\"608\" src=\"https:\/\/plazasolutions.com\/tj2026\/wp-content\/uploads\/2026\/01\/Como-practicar-la-autoconciencia-en-el-trabajo-y-mejorar-tu-desempeno-profesional-Portada.webp\" class=\"rt-img-responsive \" alt=\"\" \/><div class=\"overlay\"><h3 class=\"entry-title\"><a data-id=\"5921\" class=\"\" href=\"https:\/\/plazasolutions.com\/tj2026\/como-practicar-la-autoconciencia-en-el-trabajo-y-mejorar-tu-desempeno-profesional\/\">C\u00f3mo practicar la autoconciencia en el trabajo y mejorar tu desempe\u00f1o profesional<\/a><\/h3><div class='post-meta-user '><p><span class='meta-data'><span class='date-meta'><i class='far fa-calendar-alt '><\/i>enero 26, 2026<\/span><span class='categories-links'><i class='fas fa-folder-open '><\/i><a class=\"cultura-organizacional\" href=\"https:\/\/plazasolutions.com\/tj2026\/category\/cultura-organizacional\/\" rel=\"tag\">Cultura Organizacional<\/a><\/span><\/span><\/p><\/div><\/div><\/div><\/div><div class=\"rt-col-md-4 rt-col-sm-6 rt-col-xs-12 even-grid-item rt-grid-item img_zoom_in\" data-id=\"5913\"><div class=\"rt-holder\"><img loading=\"lazy\" decoding=\"async\" width=\"1080\" height=\"608\" src=\"https:\/\/plazasolutions.com\/tj2026\/wp-content\/uploads\/2026\/01\/Como-prepararse-para-un-mercado-laboral-impulsado-por-la-inteligencia-artificial-Portada.webp\" class=\"rt-img-responsive \" alt=\"\" \/><div class=\"overlay\"><h3 class=\"entry-title\"><a data-id=\"5913\" class=\"\" href=\"https:\/\/plazasolutions.com\/tj2026\/como-prepararse-para-un-mercado-laboral-impulsado-por-la-inteligencia-artificial\/\">C\u00f3mo prepararse para un mercado laboral impulsado por la inteligencia artificial<\/a><\/h3><div class='post-meta-user '><p><span class='meta-data'><span class='date-meta'><i class='far fa-calendar-alt '><\/i>enero 23, 2026<\/span><span class='categories-links'><i class='fas fa-folder-open '><\/i><a class=\"cultura-organizacional\" href=\"https:\/\/plazasolutions.com\/tj2026\/category\/cultura-organizacional\/\" rel=\"tag\">Cultura Organizacional<\/a><\/span><\/span><\/p><\/div><\/div><\/div><\/div><div class=\"rt-col-md-4 rt-col-sm-6 rt-col-xs-12 even-grid-item rt-grid-item img_zoom_in\" data-id=\"5811\"><div class=\"rt-holder\"><img loading=\"lazy\" decoding=\"async\" width=\"1080\" height=\"608\" src=\"https:\/\/plazasolutions.com\/tj2026\/wp-content\/uploads\/2026\/01\/10-reglas-clave-para-una-comunicacion-eficaz-entre-pares-en-el-trabajo-Portada.webp\" class=\"rt-img-responsive \" alt=\"\" \/><div class=\"overlay\"><h3 class=\"entry-title\"><a data-id=\"5811\" class=\"\" href=\"https:\/\/plazasolutions.com\/tj2026\/10-reglas-clave-para-una-comunicacion-eficaz-entre-pares-en-el-trabajo\/\">10 reglas clave para una comunicaci\u00f3n eficaz entre pares en el trabajo<\/a><\/h3><div class='post-meta-user '><p><span class='meta-data'><span class='date-meta'><i class='far fa-calendar-alt '><\/i>enero 21, 2026<\/span><span class='categories-links'><i class='fas fa-folder-open '><\/i><a class=\"cultura-organizacional\" href=\"https:\/\/plazasolutions.com\/tj2026\/category\/cultura-organizacional\/\" rel=\"tag\">Cultura Organizacional<\/a><\/span><\/span><\/p><\/div><\/div><\/div><\/div><div class=\"rt-col-md-4 rt-col-sm-6 rt-col-xs-12 even-grid-item rt-grid-item img_zoom_in\" data-id=\"5805\"><div class=\"rt-holder\"><img loading=\"lazy\" decoding=\"async\" width=\"1080\" height=\"608\" src=\"https:\/\/plazasolutions.com\/tj2026\/wp-content\/uploads\/2026\/01\/Los-3-tipos-de-objetivos-clave-que-toda-organizacion-deberia-definir-este-ano-Portada.webp\" class=\"rt-img-responsive \" alt=\"\" \/><div class=\"overlay\"><h3 class=\"entry-title\"><a data-id=\"5805\" class=\"\" href=\"https:\/\/plazasolutions.com\/tj2026\/los-3-tipos-de-objetivos-clave-que-toda-organizacion-deberia-definir-este-ano\/\">Los 3 tipos de objetivos clave que toda organizaci\u00f3n deber\u00eda definir este a\u00f1o<\/a><\/h3><div class='post-meta-user '><p><span class='meta-data'><span class='date-meta'><i class='far fa-calendar-alt '><\/i>enero 21, 2026<\/span><span class='categories-links'><i class='fas fa-folder-open '><\/i><a class=\"cultura-organizacional\" href=\"https:\/\/plazasolutions.com\/tj2026\/category\/cultura-organizacional\/\" rel=\"tag\">Cultura Organizacional<\/a><span class=\"rt-separator\">,<\/span><a class=\"transformacion-digital\" href=\"https:\/\/plazasolutions.com\/tj2026\/category\/transformacion-digital\/\" rel=\"tag\">Transformaci\u00f3n Digital<\/a><\/span><\/span><\/p><\/div><\/div><\/div><\/div><div class=\"rt-col-md-4 rt-col-sm-6 rt-col-xs-12 even-grid-item rt-grid-item img_zoom_in\" data-id=\"5597\"><div class=\"rt-holder\"><img loading=\"lazy\" decoding=\"async\" width=\"1080\" height=\"608\" src=\"https:\/\/plazasolutions.com\/tj2026\/wp-content\/uploads\/2026\/01\/Como-expandir-la-fuerza-laboral-en-2026_-habilidades-criticas-y-el-nuevo-rol-de-LD-Portada.webp\" class=\"rt-img-responsive \" alt=\"\" \/><div class=\"overlay\"><h3 class=\"entry-title\"><a data-id=\"5597\" class=\"\" href=\"https:\/\/plazasolutions.com\/tj2026\/como-expandir-la-fuerza-laboral-en-2026-habilidades-criticas-y-el-nuevo-rol-de-ld\/\">C\u00f3mo expandir la fuerza laboral en 2026: habilidades cr\u00edticas y el nuevo rol de L&#038;D<\/a><\/h3><div class='post-meta-user '><p><span class='meta-data'><span class='date-meta'><i class='far fa-calendar-alt '><\/i>enero 12, 2026<\/span><span class='categories-links'><i class='fas fa-folder-open '><\/i><a class=\"inteligencia-artificial\" href=\"https:\/\/plazasolutions.com\/tj2026\/category\/inteligencia-artificial\/\" rel=\"tag\">Inteligencia Artificial<\/a><\/span><\/span><\/p><\/div><\/div><\/div><\/div><div class=\"rt-col-md-4 rt-col-sm-6 rt-col-xs-12 even-grid-item rt-grid-item img_zoom_in\" data-id=\"5578\"><div class=\"rt-holder\"><img loading=\"lazy\" decoding=\"async\" width=\"1080\" height=\"608\" src=\"https:\/\/plazasolutions.com\/tj2026\/wp-content\/uploads\/2026\/01\/Las-habilidades-que-lideraran-la-transformacion-del-trabajo-en-2026-Portada.webp\" class=\"rt-img-responsive \" alt=\"\" \/><div class=\"overlay\"><h3 class=\"entry-title\"><a data-id=\"5578\" class=\"\" href=\"https:\/\/plazasolutions.com\/tj2026\/las-habilidades-que-lideraran-la-transformacion-del-trabajo-en-2026\/\">Las habilidades que liderar\u00e1n la transformaci\u00f3n del trabajo en 2026<\/a><\/h3><div class='post-meta-user '><p><span class='meta-data'><span class='date-meta'><i class='far fa-calendar-alt '><\/i>enero 9, 2026<\/span><span class='categories-links'><i class='fas fa-folder-open '><\/i><a class=\"cultura-organizacional\" href=\"https:\/\/plazasolutions.com\/tj2026\/category\/cultura-organizacional\/\" rel=\"tag\">Cultura Organizacional<\/a><span class=\"rt-separator\">,<\/span><a class=\"transformacion-digital\" href=\"https:\/\/plazasolutions.com\/tj2026\/category\/transformacion-digital\/\" rel=\"tag\">Transformaci\u00f3n Digital<\/a><\/span><\/span><\/p><\/div><\/div><\/div><\/div><div class=\"rt-col-md-4 rt-col-sm-6 rt-col-xs-12 even-grid-item rt-grid-item img_zoom_in\" data-id=\"5490\"><div class=\"rt-holder\"><img loading=\"lazy\" decoding=\"async\" width=\"1080\" height=\"608\" src=\"https:\/\/plazasolutions.com\/tj2026\/wp-content\/uploads\/2026\/01\/Cinco-tendencias-de-la-fuerza-laboral-que-marcaran-el-liderazgo-en-2026-Portada.webp\" class=\"rt-img-responsive \" alt=\"\" \/><div class=\"overlay\"><h3 class=\"entry-title\"><a data-id=\"5490\" class=\"\" href=\"https:\/\/plazasolutions.com\/tj2026\/cinco-tendencias-de-la-fuerza-laboral-que-marcaran-el-liderazgo-en-2026\/\">Cinco tendencias de la fuerza laboral que marcar\u00e1n el liderazgo en 2026<\/a><\/h3><div class='post-meta-user '><p><span class='meta-data'><span class='date-meta'><i class='far fa-calendar-alt '><\/i>enero 8, 2026<\/span><span class='categories-links'><i class='fas fa-folder-open '><\/i><a class=\"transformacion-digital\" href=\"https:\/\/plazasolutions.com\/tj2026\/category\/transformacion-digital\/\" rel=\"tag\">Transformaci\u00f3n Digital<\/a><\/span><\/span><\/p><\/div><\/div><\/div><\/div><\/div><div class='rt-pagination-wrap' data-total-pages='18' data-posts-per-page='9' data-type='pagination'  ><div class=\"rt-pagination\" ><ul class=\"pagination-list\"><li class=\"active\"><span>1<\/span><\/li><li><a data-paged='2' href='https:\/\/plazasolutions.com\/tj2026\/wp-json\/wp\/v2\/pages\/5444\/page\/2\/'>2<\/a><\/li><li><a data-paged='3' href='https:\/\/plazasolutions.com\/tj2026\/wp-json\/wp\/v2\/pages\/5444\/page\/3\/'>3<\/a><\/li><li><a data-paged='4' href='https:\/\/plazasolutions.com\/tj2026\/wp-json\/wp\/v2\/pages\/5444\/page\/4\/'>4<\/a><\/li><li><a data-paged='5' href='https:\/\/plazasolutions.com\/tj2026\/wp-json\/wp\/v2\/pages\/5444\/page\/5\/'>5<\/a><\/li><li><a data-paged='2' href=\"https:\/\/plazasolutions.com\/tj2026\/wp-json\/wp\/v2\/pages\/5444\/page\/2\/\"  aria-label='Next'>&rsaquo;<\/a><\/li><li><a data-paged='18' href='https:\/\/plazasolutions.com\/tj2026\/wp-json\/wp\/v2\/pages\/5444\/page\/18\/' aria-label='Last'>&raquo;<\/a><\/li><\/ul><\/div><\/div><\/div>[\/et_pb_code][\/et_pb_column][\/et_pb_row][\/et_pb_section]<\/p>\n","protected":false},"excerpt":{"rendered":"<p>[et_pb_section fb_built=\u00bb1&#8243; _builder_version=\u00bb4.27.5&#8243; hover_enabled=\u00bb0&#8243; global_colors_info=\u00bb{}\u00bb custom_margin=\u00bb0px||0px||true|false\u00bb custom_padding=\u00bb0px||0px||true|false\u00bb sticky_enabled=\u00bb0&#8243;][et_pb_row _builder_version=\u00bb4.27.5&#8243; background_size=\u00bbinitial\u00bb background_position=\u00bbtop_left\u00bb background_repeat=\u00bbrepeat\u00bb width=\u00bb100%\u00bb module_alignment=\u00bbcenter\u00bb hover_enabled=\u00bb0&#8243; global_colors_info=\u00bb{}\u00bb custom_padding=\u00bb0px||0px||false|false\u00bb sticky_enabled=\u00bb0&#8243;][et_pb_column type=\u00bb4_4&#8243; _builder_version=\u00bb4.16&#8243; custom_padding=\u00bb|||\u00bb global_colors_info=\u00bb{}\u00bb custom_padding__hover=\u00bb|||\u00bb][et_pb_image src=\u00bbhttps:\/\/plazasolutions.com\/tj2026\/wp-content\/uploads\/2026\/01\/Magazine-AITalent.webp\u00bb _builder_version=\u00bb4.27.5&#8243; vertical_offset_tablet=\u00bb0&#8243; horizontal_offset_tablet=\u00bb0&#8243; hover_enabled=\u00bb0&#8243; z_index_tablet=\u00bb0&#8243; box_shadow_horizontal_tablet=\u00bb0px\u00bb box_shadow_vertical_tablet=\u00bb0px\u00bb box_shadow_blur_tablet=\u00bb40px\u00bb box_shadow_spread_tablet=\u00bb0px\u00bb global_colors_info=\u00bb{}\u00bb alt=\u00bbMagazine AI+Talent\u00bb title_text=\u00bbMagazine AI+Talent\u00bb sticky_enabled=\u00bb0&#8243;][\/et_pb_image][et_pb_text _builder_version=\u00bb4.27.5&#8243; vertical_offset_tablet=\u00bb0&#8243; horizontal_offset_tablet=\u00bb0&#8243; hover_enabled=\u00bb0&#8243; z_index_tablet=\u00bb0&#8243; text_text_shadow_horizontal_length_tablet=\u00bb0px\u00bb text_text_shadow_vertical_length_tablet=\u00bb0px\u00bb text_text_shadow_blur_strength_tablet=\u00bb1px\u00bb link_text_shadow_horizontal_length_tablet=\u00bb0px\u00bb link_text_shadow_vertical_length_tablet=\u00bb0px\u00bb link_text_shadow_blur_strength_tablet=\u00bb1px\u00bb ul_text_shadow_horizontal_length_tablet=\u00bb0px\u00bb ul_text_shadow_vertical_length_tablet=\u00bb0px\u00bb ul_text_shadow_blur_strength_tablet=\u00bb1px\u00bb ol_text_shadow_horizontal_length_tablet=\u00bb0px\u00bb ol_text_shadow_vertical_length_tablet=\u00bb0px\u00bb [&hellip;]<\/p>\n","protected":false},"author":1,"featured_media":5447,"parent":0,"menu_order":0,"comment_status":"closed","ping_status":"closed","template":"","meta":{"_acf_changed":false,"_et_pb_use_builder":"on","_et_pb_old_content":"","_et_gb_content_width":"","footnotes":""},"class_list":["post-5444","page","type-page","status-publish","has-post-thumbnail","hentry"],"acf":[],"aioseo_notices":[],"rttpg_featured_image_url":{"full":["https:\/\/plazasolutions.com\/tj2026\/wp-content\/uploads\/2026\/01\/Magazine-AITalent.webp",2560,732,false],"landscape":["https:\/\/plazasolutions.com\/tj2026\/wp-content\/uploads\/2026\/01\/Magazine-AITalent.webp",2560,732,false],"portraits":["https:\/\/plazasolutions.com\/tj2026\/wp-content\/uploads\/2026\/01\/Magazine-AITalent.webp",2560,732,false],"thumbnail":["https:\/\/plazasolutions.com\/tj2026\/wp-content\/uploads\/2026\/01\/Magazine-AITalent.webp",2560,732,false]},"rttpg_author":{"display_name":"TJ-dan2024","author_link":"https:\/\/plazasolutions.com\/tj2026\/author\/tj-dan2024\/"},"rttpg_comment":0,"rttpg_category":"","rttpg_excerpt":"[et_pb_section fb_built=\u00bb1&#8243; _builder_version=\u00bb4.27.5&#8243; hover_enabled=\u00bb0&#8243; global_colors_info=\u00bb{}\u00bb custom_margin=\u00bb0px||0px||true|false\u00bb custom_padding=\u00bb0px||0px||true|false\u00bb sticky_enabled=\u00bb0&#8243;][et_pb_row _builder_version=\u00bb4.27.5&#8243; background_size=\u00bbinitial\u00bb background_position=\u00bbtop_left\u00bb background_repeat=\u00bbrepeat\u00bb width=\u00bb100%\u00bb module_alignment=\u00bbcenter\u00bb hover_enabled=\u00bb0&#8243; global_colors_info=\u00bb{}\u00bb custom_padding=\u00bb0px||0px||false|false\u00bb sticky_enabled=\u00bb0&#8243;][et_pb_column type=\u00bb4_4&#8243; _builder_version=\u00bb4.16&#8243; custom_padding=\u00bb|||\u00bb global_colors_info=\u00bb{}\u00bb custom_padding__hover=\u00bb|||\u00bb][et_pb_image src=\u00bbhttps:\/\/plazasolutions.com\/tj2026\/wp-content\/uploads\/2026\/01\/Magazine-AITalent.webp\u00bb _builder_version=\u00bb4.27.5&#8243; vertical_offset_tablet=\u00bb0&#8243; horizontal_offset_tablet=\u00bb0&#8243; hover_enabled=\u00bb0&#8243; z_index_tablet=\u00bb0&#8243; box_shadow_horizontal_tablet=\u00bb0px\u00bb box_shadow_vertical_tablet=\u00bb0px\u00bb box_shadow_blur_tablet=\u00bb40px\u00bb box_shadow_spread_tablet=\u00bb0px\u00bb global_colors_info=\u00bb{}\u00bb alt=\u00bbMagazine AI+Talent\u00bb title_text=\u00bbMagazine AI+Talent\u00bb sticky_enabled=\u00bb0&#8243;][\/et_pb_image][et_pb_text _builder_version=\u00bb4.27.5&#8243; vertical_offset_tablet=\u00bb0&#8243; horizontal_offset_tablet=\u00bb0&#8243; hover_enabled=\u00bb0&#8243; z_index_tablet=\u00bb0&#8243; text_text_shadow_horizontal_length_tablet=\u00bb0px\u00bb text_text_shadow_vertical_length_tablet=\u00bb0px\u00bb text_text_shadow_blur_strength_tablet=\u00bb1px\u00bb link_text_shadow_horizontal_length_tablet=\u00bb0px\u00bb link_text_shadow_vertical_length_tablet=\u00bb0px\u00bb link_text_shadow_blur_strength_tablet=\u00bb1px\u00bb ul_text_shadow_horizontal_length_tablet=\u00bb0px\u00bb ul_text_shadow_vertical_length_tablet=\u00bb0px\u00bb ul_text_shadow_blur_strength_tablet=\u00bb1px\u00bb ol_text_shadow_horizontal_length_tablet=\u00bb0px\u00bb ol_text_shadow_vertical_length_tablet=\u00bb0px\u00bb&hellip;","_links":{"self":[{"href":"https:\/\/plazasolutions.com\/tj2026\/wp-json\/wp\/v2\/pages\/5444","targetHints":{"allow":["GET"]}}],"collection":[{"href":"https:\/\/plazasolutions.com\/tj2026\/wp-json\/wp\/v2\/pages"}],"about":[{"href":"https:\/\/plazasolutions.com\/tj2026\/wp-json\/wp\/v2\/types\/page"}],"author":[{"embeddable":true,"href":"https:\/\/plazasolutions.com\/tj2026\/wp-json\/wp\/v2\/users\/1"}],"replies":[{"embeddable":true,"href":"https:\/\/plazasolutions.com\/tj2026\/wp-json\/wp\/v2\/comments?post=5444"}],"version-history":[{"count":13,"href":"https:\/\/plazasolutions.com\/tj2026\/wp-json\/wp\/v2\/pages\/5444\/revisions"}],"predecessor-version":[{"id":5463,"href":"https:\/\/plazasolutions.com\/tj2026\/wp-json\/wp\/v2\/pages\/5444\/revisions\/5463"}],"wp:featuredmedia":[{"embeddable":true,"href":"https:\/\/plazasolutions.com\/tj2026\/wp-json\/wp\/v2\/media\/5447"}],"wp:attachment":[{"href":"https:\/\/plazasolutions.com\/tj2026\/wp-json\/wp\/v2\/media?parent=5444"}],"curies":[{"name":"wp","href":"https:\/\/api.w.org\/{rel}","templated":true}]}}